{"id":5592,"date":"2016-12-05T09:17:34","date_gmt":"2016-12-05T08:17:34","guid":{"rendered":"http:\/\/demo.wpzoom.com\/inspiro\/?page_id=5592"},"modified":"2026-01-25T08:55:27","modified_gmt":"2026-01-25T07:55:27","slug":"a-propos","status":"publish","type":"page","link":"https:\/\/isabellecoulet.com\/?page_id=5592","title":{"rendered":"\u00c0 propos"},"content":{"rendered":"\t\t<div data-elementor-type=\"wp-page\" data-elementor-id=\"5592\" class=\"elementor elementor-5592\">\n\t\t\t\t\t\t\t\t\t<section class=\"elementor-section elementor-top-section elementor-element elementor-element-6dd5e545 elementor-section-boxed elementor-section-height-default elementor-section-height-default\" data-id=\"6dd5e545\" data-element_type=\"section\">\n\t\t\t\t\t\t<div class=\"elementor-container elementor-column-gap-no\">\n\t\t\t\t\t<div class=\"elementor-column elementor-col-100 elementor-top-column elementor-element elementor-element-35934f08\" data-id=\"35934f08\" data-element_type=\"column\">\n\t\t\t<div class=\"elementor-widget-wrap elementor-element-populated\">\n\t\t\t\t\t\t\t\t<div class=\"elementor-element elementor-element-89ab21a elementor-widget elementor-widget-image\" data-id=\"89ab21a\" data-element_type=\"widget\" data-widget_type=\"image.default\">\n\t\t\t\t<div class=\"elementor-widget-container\">\n\t\t\t<style>\/*! elementor - v3.17.0 - 08-11-2023 *\/\n.elementor-widget-image{text-align:center}.elementor-widget-image a{display:inline-block}.elementor-widget-image a img[src$=\".svg\"]{width:48px}.elementor-widget-image img{vertical-align:middle;display:inline-block}<\/style>\t\t\t\t\t\t\t\t\t\t\t\t<img loading=\"lazy\" decoding=\"async\" width=\"2523\" height=\"2560\" src=\"https:\/\/isabellecoulet.com\/wp-content\/uploads\/2026\/01\/3.14159-N\u00b03-scaled.jpg\" class=\"attachment-full size-full wp-image-10430\" alt=\"\" srcset=\"https:\/\/isabellecoulet.com\/wp-content\/uploads\/2026\/01\/3.14159-N\u00b03-scaled.jpg 2523w, https:\/\/isabellecoulet.com\/wp-content\/uploads\/2026\/01\/3.14159-N\u00b03-296x300.jpg 296w, https:\/\/isabellecoulet.com\/wp-content\/uploads\/2026\/01\/3.14159-N\u00b03-1009x1024.jpg 1009w, https:\/\/isabellecoulet.com\/wp-content\/uploads\/2026\/01\/3.14159-N\u00b03-768x779.jpg 768w, https:\/\/isabellecoulet.com\/wp-content\/uploads\/2026\/01\/3.14159-N\u00b03-1514x1536.jpg 1514w, https:\/\/isabellecoulet.com\/wp-content\/uploads\/2026\/01\/3.14159-N\u00b03-2018x2048.jpg 2018w, https:\/\/isabellecoulet.com\/wp-content\/uploads\/2026\/01\/3.14159-N\u00b03-2000x2030.jpg 2000w\" sizes=\"auto, 100vw\" \/>\t\t\t\t\t\t\t\t\t\t\t\t\t\t\t<\/div>\n\t\t\t\t<\/div>\n\t\t\t\t\t<\/div>\n\t\t<\/div>\n\t\t\t\t\t\t\t<\/div>\n\t\t<\/section>\n\t\t\t\t<section class=\"elementor-section elementor-top-section elementor-element elementor-element-5986d6c elementor-section-boxed elementor-section-height-default elementor-section-height-default\" data-id=\"5986d6c\" data-element_type=\"section\">\n\t\t\t\t\t\t<div class=\"elementor-container elementor-column-gap-default\">\n\t\t\t\t\t<div class=\"elementor-column elementor-col-100 elementor-top-column elementor-element elementor-element-00c8603\" data-id=\"00c8603\" data-element_type=\"column\">\n\t\t\t<div class=\"elementor-widget-wrap elementor-element-populated\">\n\t\t\t\t\t\t\t\t<div class=\"elementor-element elementor-element-5b3cbda elementor-widget elementor-widget-heading\" data-id=\"5b3cbda\" data-element_type=\"widget\" data-widget_type=\"heading.default\">\n\t\t\t\t<div class=\"elementor-widget-container\">\n\t\t\t<style>\/*! elementor - v3.17.0 - 08-11-2023 *\/\n.elementor-heading-title{padding:0;margin:0;line-height:1}.elementor-widget-heading .elementor-heading-title[class*=elementor-size-]>a{color:inherit;font-size:inherit;line-height:inherit}.elementor-widget-heading .elementor-heading-title.elementor-size-small{font-size:15px}.elementor-widget-heading .elementor-heading-title.elementor-size-medium{font-size:19px}.elementor-widget-heading .elementor-heading-title.elementor-size-large{font-size:29px}.elementor-widget-heading .elementor-heading-title.elementor-size-xl{font-size:39px}.elementor-widget-heading .elementor-heading-title.elementor-size-xxl{font-size:59px}<\/style><h2 class=\"elementor-heading-title elementor-size-default\"><p style=\"margin-bottom: 0px; font-weight: normal; font-stretch: normal; font-size: 11px; line-height: normal; font-family: &quot;Helvetica Neue&quot;; color: rgb(0, 0, 0);\"><span style=\"color: rgb(32, 32, 32); font-family: Montserrat, sans-serif; font-size: 26px; font-weight: 700;\">\"Ma main a mis longtemps \u00e0 toucher un pinceau et pourtant toutes <br>les formes et les couleurs \u00e9taient d\u00e9j\u00e0 l\u00e0.\" <\/span><span style=\"color: rgb(32, 32, 32); font-family: Montserrat, sans-serif; font-size: 26px; font-weight: 700;\"><\/span><\/p><\/h2>\t\t<\/div>\n\t\t\t\t<\/div>\n\t\t\t\t\t<\/div>\n\t\t<\/div>\n\t\t\t\t\t\t\t<\/div>\n\t\t<\/section>\n\t\t\t\t<section class=\"elementor-section elementor-top-section elementor-element elementor-element-5d8fcba elementor-section-boxed elementor-section-height-default elementor-section-height-default\" data-id=\"5d8fcba\" data-element_type=\"section\">\n\t\t\t\t\t\t<div class=\"elementor-container elementor-column-gap-default\">\n\t\t\t\t\t<div class=\"elementor-column elementor-col-50 elementor-top-column elementor-element elementor-element-77c4fdd\" data-id=\"77c4fdd\" data-element_type=\"column\">\n\t\t\t<div class=\"elementor-widget-wrap elementor-element-populated\">\n\t\t\t\t\t\t\t\t<div class=\"elementor-element elementor-element-21a70df elementor-widget elementor-widget-text-editor\" data-id=\"21a70df\" data-element_type=\"widget\" data-widget_type=\"text-editor.default\">\n\t\t\t\t<div class=\"elementor-widget-container\">\n\t\t\t<style>\/*! elementor - v3.17.0 - 08-11-2023 *\/\n.elementor-widget-text-editor.elementor-drop-cap-view-stacked .elementor-drop-cap{background-color:#69727d;color:#fff}.elementor-widget-text-editor.elementor-drop-cap-view-framed .elementor-drop-cap{color:#69727d;border:3px solid;background-color:transparent}.elementor-widget-text-editor:not(.elementor-drop-cap-view-default) .elementor-drop-cap{margin-top:8px}.elementor-widget-text-editor:not(.elementor-drop-cap-view-default) .elementor-drop-cap-letter{width:1em;height:1em}.elementor-widget-text-editor .elementor-drop-cap{float:left;text-align:center;line-height:1;font-size:50px}.elementor-widget-text-editor .elementor-drop-cap-letter{display:inline-block}<\/style>\t\t\t\t<p>, -Le d\u00e9clic a eu lieu durant le premier confinement.<span class=\"Apple-converted-space\">\u00a0 <\/span>Le ralenti de la vie, le silence des rues agr\u00e9ment\u00e9 par le chant des oiseaux d\u00e9sormais audible, m\u2019a permis de faire jaillir des couleurs acidul\u00e9es, franches, presque n\u00e9on.<\/p><p>Ma peinture est relativement construite car la g\u00e9om\u00e9trie y a une grande place.<\/p><p>Elle est tant\u00f4t florale, la chaleur y a son importance; tant\u00f4t concentr\u00e9e sur une lumi\u00e8re que l\u2019on d\u00e9tecte par des rayons de diff\u00e9rentes couleurs. Je souhaite qu\u2019elle soit aussi positive que gaie.<\/p><p>J\u2019utilise de la peinture acrylique et peins sur tout support<\/p><p>Je me nomme Isabelle Coulet, je suis n\u00e9e \u00e0 Paris et j\u2019oscille entre la capitale et un petit village de l\u2019Enclave des Papes: Visan, dans le Vaucluse.<\/p><p>Mai 2023 &#8211; Salon The Other Art Fair &#8211; Dallas USA<\/p><p>Novembre 2023 &#8211; galerie \u00a0277 &#8211; Barcelone<\/p><p>D\u00e9cembre 23 &#8211; Expo4Art &#8211; Halles des Blancs Manteaux Paris<\/p><p>F\u00e9vrier 24 Salon des Artistes Fran\u00e7ais &#8211; Grand Palais Eph\u00e9m\u00e8re<span style=\"letter-spacing: 0px;\">\u00a0<\/span><\/p><p>F\u00e9vrier 25 &#8211; Salon de la Peinture \u00e0 l&#8217;eau &#8211; Grand Palais Paris<\/p><p>Octobre-Novembre 25 &#8211; Salon d&#8217;Automne Paris<\/p><p>Mars 26 &#8211; \u00a0Galerie Rohmer &#8211; Saugerties USA\u00a0<\/p>\t\t\t\t\t\t<\/div>\n\t\t\t\t<\/div>\n\t\t\t\t<div class=\"elementor-element elementor-element-bb84150 elementor-align-center elementor-widget elementor-widget-button\" data-id=\"bb84150\" data-element_type=\"widget\" data-widget_type=\"button.default\">\n\t\t\t\t<div class=\"elementor-widget-container\">\n\t\t\t\t\t<div class=\"elementor-button-wrapper\">\n\t\t\t<a class=\"elementor-button elementor-button-link elementor-size-md\" href=\"https:\/\/isabellecoulet.com\/index.php\/contact\/\">\n\t\t\t\t\t\t<span class=\"elementor-button-content-wrapper\">\n\t\t\t\t\t\t<span class=\"elementor-button-text\">Me contacter<\/span>\n\t\t<\/span>\n\t\t\t\t\t<\/a>\n\t\t<\/div>\n\t\t\t\t<\/div>\n\t\t\t\t<\/div>\n\t\t\t\t\t<\/div>\n\t\t<\/div>\n\t\t\t\t<div class=\"elementor-column elementor-col-50 elementor-top-column elementor-element elementor-element-94b7c27\" data-id=\"94b7c27\" data-element_type=\"column\">\n\t\t\t<div class=\"elementor-widget-wrap elementor-element-populated\">\n\t\t\t\t\t\t\t\t<div class=\"elementor-element elementor-element-168e259 elementor-widget elementor-widget-video\" data-id=\"168e259\" data-element_type=\"widget\" data-settings=\"{&quot;video_type&quot;:&quot;hosted&quot;,&quot;autoplay&quot;:&quot;yes&quot;,&quot;mute&quot;:&quot;yes&quot;,&quot;controls&quot;:&quot;yes&quot;}\" data-widget_type=\"video.default\">\n\t\t\t\t<div class=\"elementor-widget-container\">\n\t\t\t<style>\/*! elementor - v3.17.0 - 08-11-2023 *\/\n.elementor-widget-video .elementor-widget-container{overflow:hidden;transform:translateZ(0)}.elementor-widget-video .elementor-wrapper{aspect-ratio:var(--video-aspect-ratio)}.elementor-widget-video .elementor-wrapper iframe,.elementor-widget-video .elementor-wrapper video{height:100%;width:100%;display:flex;border:none;background-color:#000}@supports not (aspect-ratio:1\/1){.elementor-widget-video .elementor-wrapper{position:relative;overflow:hidden;height:0;padding-bottom:calc(100% \/ var(--video-aspect-ratio))}.elementor-widget-video .elementor-wrapper iframe,.elementor-widget-video .elementor-wrapper video{position:absolute;top:0;right:0;bottom:0;left:0}}.elementor-widget-video .elementor-open-inline .elementor-custom-embed-image-overlay{position:absolute;top:0;right:0;bottom:0;left:0;background-size:cover;background-position:50%}.elementor-widget-video .elementor-custom-embed-image-overlay{cursor:pointer;text-align:center}.elementor-widget-video .elementor-custom-embed-image-overlay:hover .elementor-custom-embed-play i{opacity:1}.elementor-widget-video .elementor-custom-embed-image-overlay img{display:block;width:100%;aspect-ratio:var(--video-aspect-ratio);-o-object-fit:cover;object-fit:cover;-o-object-position:center center;object-position:center center}@supports not (aspect-ratio:1\/1){.elementor-widget-video .elementor-custom-embed-image-overlay{position:relative;overflow:hidden;height:0;padding-bottom:calc(100% \/ var(--video-aspect-ratio))}.elementor-widget-video .elementor-custom-embed-image-overlay img{position:absolute;top:0;right:0;bottom:0;left:0}}.elementor-widget-video .e-hosted-video .elementor-video{-o-object-fit:cover;object-fit:cover}.e-con-inner>.elementor-widget-video,.e-con>.elementor-widget-video{width:var(--container-widget-width);--flex-grow:var(--container-widget-flex-grow)}<\/style>\t\t<div class=\"e-hosted-video elementor-wrapper elementor-open-inline\">\n\t\t\t\t\t<video class=\"elementor-video\" src=\"https:\/\/isabellecoulet.com\/wp-content\/uploads\/2022\/12\/bcc6728d-d553-4289-967c-f04f4836d0bd.mp4\" autoplay=\"\" controls=\"\" muted=\"muted\" controlsList=\"nodownload\"><\/video>\n\t\t\t\t<\/div>\n\t\t\t\t<\/div>\n\t\t\t\t<\/div>\n\t\t\t\t\t<\/div>\n\t\t<\/div>\n\t\t\t\t\t\t\t<\/div>\n\t\t<\/section>\n\t\t\t\t\t\t\t<\/div>\n\t\t","protected":false},"excerpt":{"rendered":"<p>&#8220;Ma main a mis longtemps \u00e0 toucher un pinceau et pourtant toutes les formes et les couleurs \u00e9taient d\u00e9j\u00e0 l\u00e0.&#8221; , -Le d\u00e9clic a eu lieu durant le premier confinement.\u00a0 Le ralenti de la vie, le silence des rues agr\u00e9ment\u00e9 par le chant des oiseaux d\u00e9sormais audible, m\u2019a permis de faire jaillir des couleurs acidul\u00e9es, &hellip; <\/p>\n<p class=\"link-more\"><a href=\"https:\/\/isabellecoulet.com\/?page_id=5592\" class=\"more-link\">Read more<span class=\"screen-reader-text\"> &#8220;\u00c0 propos&#8221;<\/span><\/a><\/p>\n","protected":false},"author":1,"featured_media":0,"parent":0,"menu_order":0,"comment_status":"closed","ping_status":"closed","template":"page-templates\/full-width-builder-bb.php","meta":{"footnotes":""},"class_list":["post-5592","page","type-page","status-publish","hentry"],"_links":{"self":[{"href":"https:\/\/isabellecoulet.com\/index.php?rest_route=\/wp\/v2\/pages\/5592","targetHints":{"allow":["GET"]}}],"collection":[{"href":"https:\/\/isabellecoulet.com\/index.php?rest_route=\/wp\/v2\/pages"}],"about":[{"href":"https:\/\/isabellecoulet.com\/index.php?rest_route=\/wp\/v2\/types\/page"}],"author":[{"embeddable":true,"href":"https:\/\/isabellecoulet.com\/index.php?rest_route=\/wp\/v2\/users\/1"}],"replies":[{"embeddable":true,"href":"https:\/\/isabellecoulet.com\/index.php?rest_route=%2Fwp%2Fv2%2Fcomments&post=5592"}],"version-history":[{"count":64,"href":"https:\/\/isabellecoulet.com\/index.php?rest_route=\/wp\/v2\/pages\/5592\/revisions"}],"predecessor-version":[{"id":10485,"href":"https:\/\/isabellecoulet.com\/index.php?rest_route=\/wp\/v2\/pages\/5592\/revisions\/10485"}],"wp:attachment":[{"href":"https:\/\/isabellecoulet.com\/index.php?rest_route=%2Fwp%2Fv2%2Fmedia&parent=5592"}],"curies":[{"name":"wp","href":"https:\/\/api.w.org\/{rel}","templated":true}]}}